{"id":2416,"date":"2021-12-28T09:55:34","date_gmt":"2021-12-28T09:55:34","guid":{"rendered":"https:\/\/tadvn.com.vn\/?post_type=product&#038;p=2416"},"modified":"2021-12-29T10:04:11","modified_gmt":"2021-12-29T10:04:11","slug":"ul1007-tscv-01-26awg7-0-16lf-bk-rd-bl-gr","status":"publish","type":"product","link":"https:\/\/tadvn.com.vn\/en\/ul1007-tscv-01-26awg7-0-16lf-bk-rd-bl-gr\/","title":{"rendered":"(Sao ch\u00e9p) (Sao ch\u00e9p) (Sao ch\u00e9p) (Sao ch\u00e9p) (Sao ch\u00e9p)"},"content":{"rendered":"<p class=\"qtranxs-available-languages-message qtranxs-available-languages-message-en\">Sorry, this entry is only available in <a href=\"https:\/\/tadvn.com.vn\/vi\/wp-json\/wp\/v2\/product\/2416\" class=\"qtranxs-available-language-link qtranxs-available-language-link-vi\" title=\"Ti\u1ebfng Vi\u1ec7t\">Ti\u1ebfng Vi\u1ec7t<\/a>.<\/p>","protected":false},"excerpt":{"rendered":"<p class=\"qtranxs-available-languages-message qtranxs-available-languages-message-en\">Sorry, this entry is only available in <a href=\"https:\/\/tadvn.com.vn\/vi\/wp-json\/wp\/v2\/product\/2416\" class=\"qtranxs-available-language-link qtranxs-available-language-link-vi\" title=\"Ti\u1ebfng Vi\u1ec7t\">Ti\u1ebfng Vi\u1ec7t<\/a>.<\/p>\n","protected":false},"featured_media":2411,"template":"","meta":{"_acf_changed":false},"product_brand":[],"product_cat":[463],"product_tag":[],"class_list":{"0":"post-2416","1":"product","2":"type-product","3":"status-publish","4":"has-post-thumbnail","6":"product_cat-hitachi-cap-tinh-1-soi","7":"pa_mau-sac-den","8":"pa_mau-sac-do","9":"pa_mau-sac-xanh-lam","10":"pa_mau-sac-xanh-luc","12":"first","13":"instock","14":"shipping-taxable","15":"purchasable","16":"product-type-variable"},"acf":[],"_links":{"self":[{"href":"https:\/\/tadvn.com.vn\/en\/wp-json\/wp\/v2\/product\/2416","targetHints":{"allow":["GET"]}}],"collection":[{"href":"https:\/\/tadvn.com.vn\/en\/wp-json\/wp\/v2\/product"}],"about":[{"href":"https:\/\/tadvn.com.vn\/en\/wp-json\/wp\/v2\/types\/product"}],"wp:featuredmedia":[{"embeddable":true,"href":"https:\/\/tadvn.com.vn\/en\/wp-json\/wp\/v2\/media\/2411"}],"wp:attachment":[{"href":"https:\/\/tadvn.com.vn\/en\/wp-json\/wp\/v2\/media?parent=2416"}],"wp:term":[{"taxonomy":"product_brand","embeddable":true,"href":"https:\/\/tadvn.com.vn\/en\/wp-json\/wp\/v2\/product_brand?post=2416"},{"taxonomy":"product_cat","embeddable":true,"href":"https:\/\/tadvn.com.vn\/en\/wp-json\/wp\/v2\/product_cat?post=2416"},{"taxonomy":"product_tag","embeddable":true,"href":"https:\/\/tadvn.com.vn\/en\/wp-json\/wp\/v2\/product_tag?post=2416"}],"curies":[{"name":"wp","href":"https:\/\/api.w.org\/{rel}","templated":true}]}}