{"id":2970,"date":"2023-02-09T07:26:51","date_gmt":"2023-02-09T07:26:51","guid":{"rendered":"https:\/\/tadvn.com.vn\/?post_type=product&#038;p=2970"},"modified":"2023-02-09T07:26:52","modified_gmt":"2023-02-09T07:26:52","slug":"duong-do-gian-dai","status":"publish","type":"product","link":"https:\/\/tadvn.com.vn\/en\/duong-do-gian-dai\/","title":{"rendered":"D\u01b0\u1ee1ng \u0111o gi\u00e3n d\u00e0i"},"content":{"rendered":"<p class=\"qtranxs-available-languages-message qtranxs-available-languages-message-en\">Sorry, this entry is only available in <a href=\"https:\/\/tadvn.com.vn\/vi\/wp-json\/wp\/v2\/product\/2970\" class=\"qtranxs-available-language-link qtranxs-available-language-link-vi\" title=\"Ti\u1ebfng Vi\u1ec7t\">Ti\u1ebfng Vi\u1ec7t<\/a>.<\/p>","protected":false},"excerpt":{"rendered":"<p>Sorry, this entry is only available in Ti\u1ebfng Vi\u1ec7t.<\/p>\n","protected":false},"featured_media":2973,"template":"","meta":{"_acf_changed":false},"product_brand":[],"product_cat":[485],"product_tag":[503],"class_list":{"0":"post-2970","1":"product","2":"type-product","3":"status-publish","4":"has-post-thumbnail","6":"product_cat-maintenance","7":"product_tag-duong-kiem-tra-do-mon-xich","9":"first","10":"instock","11":"shipping-taxable","12":"product-type-simple"},"acf":[],"_links":{"self":[{"href":"https:\/\/tadvn.com.vn\/en\/wp-json\/wp\/v2\/product\/2970","targetHints":{"allow":["GET"]}}],"collection":[{"href":"https:\/\/tadvn.com.vn\/en\/wp-json\/wp\/v2\/product"}],"about":[{"href":"https:\/\/tadvn.com.vn\/en\/wp-json\/wp\/v2\/types\/product"}],"wp:featuredmedia":[{"embeddable":true,"href":"https:\/\/tadvn.com.vn\/en\/wp-json\/wp\/v2\/media\/2973"}],"wp:attachment":[{"href":"https:\/\/tadvn.com.vn\/en\/wp-json\/wp\/v2\/media?parent=2970"}],"wp:term":[{"taxonomy":"product_brand","embeddable":true,"href":"https:\/\/tadvn.com.vn\/en\/wp-json\/wp\/v2\/product_brand?post=2970"},{"taxonomy":"product_cat","embeddable":true,"href":"https:\/\/tadvn.com.vn\/en\/wp-json\/wp\/v2\/product_cat?post=2970"},{"taxonomy":"product_tag","embeddable":true,"href":"https:\/\/tadvn.com.vn\/en\/wp-json\/wp\/v2\/product_tag?post=2970"}],"curies":[{"name":"wp","href":"https:\/\/api.w.org\/{rel}","templated":true}]}}