{"id":7056,"date":"2023-11-17T08:16:29","date_gmt":"2023-11-17T08:16:29","guid":{"rendered":"https:\/\/tadvn.com.vn\/?post_type=product&#038;p=7056"},"modified":"2023-11-17T08:16:30","modified_gmt":"2023-11-17T08:16:30","slug":"truc-trong-luong-nhe-cho-drylin-grq-boc-va-xep","status":"publish","type":"product","link":"https:\/\/tadvn.com.vn\/en\/truc-trong-luong-nhe-cho-drylin-grq-boc-va-xep\/","title":{"rendered":"Tr\u1ee5c tr\u1ecdng l\u01b0\u1ee3ng nh\u1eb9 cho drylin GRQ b\u1ed1c v\u00e0 x\u1ebfp"},"content":{"rendered":"","protected":false},"excerpt":{"rendered":"<ul>\n<li>C\u00f3 kh\u1edbp r\u0103ng, anod h\u00f3a c\u1ee9ng, ti\u1ebft di\u1ec7n r\u1ed7ng h\u00ecnh vu\u00f4ng kh\u00f4ng \u0103n m\u00f2n<\/li>\n<li>C\u00f3 th\u1ec3 c\u00f3 t\u1ea3i tr\u1ecdng l\u00ean \u0111\u1ebfn 500g v\u1edbi v\u1eadn t\u1ed1c cho \u0111\u1ebfn 0,7m\/s<\/li>\n<li>Truy\u1ec1n \u0111\u1ed9ng: \u0111\u1ed9ng c\u01a1 b\u01b0\u1edbc NEMA11 c\u00f3 b\u00e1nh r\u0103ng<\/li>\n<\/ul>\n","protected":false},"featured_media":7057,"template":"","meta":{"_acf_changed":false},"product_brand":[],"product_cat":[669],"product_tag":[],"class_list":{"0":"post-7056","1":"product","2":"type-product","3":"status-publish","4":"has-post-thumbnail","6":"product_cat-truc-tuyen-tinh-voi-truyen-dong-thanh-rang-va-banh-rang-thanh-truot-nhua","8":"first","9":"instock","10":"shipping-taxable","11":"product-type-simple"},"acf":[],"_links":{"self":[{"href":"https:\/\/tadvn.com.vn\/en\/wp-json\/wp\/v2\/product\/7056","targetHints":{"allow":["GET"]}}],"collection":[{"href":"https:\/\/tadvn.com.vn\/en\/wp-json\/wp\/v2\/product"}],"about":[{"href":"https:\/\/tadvn.com.vn\/en\/wp-json\/wp\/v2\/types\/product"}],"wp:featuredmedia":[{"embeddable":true,"href":"https:\/\/tadvn.com.vn\/en\/wp-json\/wp\/v2\/media\/7057"}],"wp:attachment":[{"href":"https:\/\/tadvn.com.vn\/en\/wp-json\/wp\/v2\/media?parent=7056"}],"wp:term":[{"taxonomy":"product_brand","embeddable":true,"href":"https:\/\/tadvn.com.vn\/en\/wp-json\/wp\/v2\/product_brand?post=7056"},{"taxonomy":"product_cat","embeddable":true,"href":"https:\/\/tadvn.com.vn\/en\/wp-json\/wp\/v2\/product_cat?post=7056"},{"taxonomy":"product_tag","embeddable":true,"href":"https:\/\/tadvn.com.vn\/en\/wp-json\/wp\/v2\/product_tag?post=7056"}],"curies":[{"name":"wp","href":"https:\/\/api.w.org\/{rel}","templated":true}]}}