{"id":7060,"date":"2023-11-17T08:19:06","date_gmt":"2023-11-17T08:19:06","guid":{"rendered":"https:\/\/tadvn.com.vn\/?post_type=product&#038;p=7060"},"modified":"2023-11-17T08:19:07","modified_gmt":"2023-11-17T08:19:07","slug":"truc-z-drylin-grr-trong-luong-nhe","status":"publish","type":"product","link":"https:\/\/tadvn.com.vn\/en\/truc-z-drylin-grr-trong-luong-nhe\/","title":{"rendered":"Tr\u1ee5c z drylin GRR tr\u1ecdng l\u01b0\u1ee3ng nh\u1eb9"},"content":{"rendered":"","protected":false},"excerpt":{"rendered":"<ul>\n<li>Tr\u1ee5c Z tr\u1ecdng l\u01b0\u1ee3ng nh\u1eb9 (1,45kg) cho h\u00e0nh tr\u00ecnh l\u00ean \u0111\u1ebfn 500mm<\/li>\n<li>L\u00e0m b\u1eb1ng nh\u00f4m v\u00e0 nh\u1ef1a<\/li>\n<li>L\u00fd t\u01b0\u1edfng cho robot tuy\u1ebfn t\u00ednh<\/li>\n<li>Kh\u1ed1i l\u01b0\u1ee3ng \u0111\u1ed9ng ch\u1ec9 0,9kg cho ph\u00e9p v\u1eadn h\u00e0nh nhanh<\/li>\n<\/ul>\n","protected":false},"featured_media":7061,"template":"","meta":{"_acf_changed":false},"product_brand":[],"product_cat":[669],"product_tag":[],"class_list":{"0":"post-7060","1":"product","2":"type-product","3":"status-publish","4":"has-post-thumbnail","6":"product_cat-truc-tuyen-tinh-voi-truyen-dong-thanh-rang-va-banh-rang-thanh-truot-nhua","8":"first","9":"instock","10":"shipping-taxable","11":"product-type-simple"},"acf":[],"_links":{"self":[{"href":"https:\/\/tadvn.com.vn\/en\/wp-json\/wp\/v2\/product\/7060","targetHints":{"allow":["GET"]}}],"collection":[{"href":"https:\/\/tadvn.com.vn\/en\/wp-json\/wp\/v2\/product"}],"about":[{"href":"https:\/\/tadvn.com.vn\/en\/wp-json\/wp\/v2\/types\/product"}],"wp:featuredmedia":[{"embeddable":true,"href":"https:\/\/tadvn.com.vn\/en\/wp-json\/wp\/v2\/media\/7061"}],"wp:attachment":[{"href":"https:\/\/tadvn.com.vn\/en\/wp-json\/wp\/v2\/media?parent=7060"}],"wp:term":[{"taxonomy":"product_brand","embeddable":true,"href":"https:\/\/tadvn.com.vn\/en\/wp-json\/wp\/v2\/product_brand?post=7060"},{"taxonomy":"product_cat","embeddable":true,"href":"https:\/\/tadvn.com.vn\/en\/wp-json\/wp\/v2\/product_cat?post=7060"},{"taxonomy":"product_tag","embeddable":true,"href":"https:\/\/tadvn.com.vn\/en\/wp-json\/wp\/v2\/product_tag?post=7060"}],"curies":[{"name":"wp","href":"https:\/\/api.w.org\/{rel}","templated":true}]}}