{"id":7523,"date":"2023-11-28T04:24:52","date_gmt":"2023-11-28T04:24:52","guid":{"rendered":"https:\/\/tadvn.com.vn\/?post_type=product&#038;p=7523"},"modified":"2023-11-28T04:24:52","modified_gmt":"2023-11-28T04:24:52","slug":"mo-dun-smc-2v02-dieu-khien-chuyen-dong-loai-dau-ra-xung-2-truc","status":"publish","type":"product","link":"https:\/\/tadvn.com.vn\/en\/mo-dun-smc-2v02-dieu-khien-chuyen-dong-loai-dau-ra-xung-2-truc\/","title":{"rendered":"M\u00f4-\u0111un SMC-2V02 \u0111i\u1ec1u khi\u1ec3n chuy\u1ec3n \u0111\u1ed9ng lo\u1ea1i \u0111\u1ea7u ra xung 2 tr\u1ee5c"},"content":{"rendered":"<table align=\"center\">\n<tbody>\n<tr>\n<td>Control axis<\/td>\n<td>2 axes<\/td>\n<\/tr>\n<tr>\n<td>Power supply \/ Current consumption<\/td>\n<td>DC 3.3V \/ Max. 300mA<br \/>\nDC 5V \/ Max. 1A<\/td>\n<\/tr>\n<tr>\n<td>Control chip<\/td>\n<td>CAMC-FS x (2EA)<\/td>\n<\/tr>\n<tr>\n<td>Encoder input<\/td>\n<td>~ 2MHz<\/td>\n<\/tr>\n<tr>\n<td>Operating temperature \/ Humidity<\/td>\n<td>0 ~ 70\u00b0C \/ 5 ~ 90% (No condensation)<\/td>\n<\/tr>\n<tr>\n<td>Position comparing output<\/td>\n<td>16 bit<\/td>\n<\/tr>\n<tr>\n<td>Weight<\/td>\n<td>29g<\/td>\n<\/tr>\n<tr>\n<td>Bus interface<\/td>\n<td>PCI, PCIe<\/td>\n<\/tr>\n<tr>\n<td>I\/O Circuit type<\/td>\n<td>DC 24V Sink<\/td>\n<\/tr>\n<tr>\n<td>Input\/output signal interface<\/td>\n<td>Insulated by photo-couplers (Up to 2500Vrms)<\/td>\n<\/tr>\n<tr>\n<td>Velocity profile<\/td>\n<td>Trapezoidal, S-Curve (Symmetric, Asymmetric)<\/td>\n<\/tr>\n<tr>\n<td>Storage temperature<\/td>\n<td>-20 ~ 70\u00b0C<\/td>\n<\/tr>\n<tr>\n<td>Encoder counter<\/td>\n<td>32 bit<\/td>\n<\/tr>\n<tr>\n<td>Exterior dimension of product<\/td>\n<td>120 (W) mm x 45 (L) mm<\/td>\n<\/tr>\n<tr>\n<td>Universal I\/O channels<\/td>\n<td>6ch input and 6ch output<\/td>\n<\/tr>\n<tr>\n<td>Output pulse rate<\/td>\n<td>~ 4 Mpps<\/td>\n<\/tr>\n<\/tbody>\n<\/table>\n","protected":false},"excerpt":{"rendered":"<p>M\u00f4-\u0111un ch\u1ee9c n\u0103ng \u0111i\u1ec1u khi\u1ec3n chuy\u1ec3n \u0111\u1ed9ng lo\u1ea1i \u0111\u1ea7u ra xung 2 tr\u1ee5c<br \/>\n\u0110\u01b0\u1ee3c trang b\u1ecb CAMC-FS c\u1ee7a d\u00f2ng CAMC<br \/>\nT\u00edch h\u1ee3p I\/O ph\u1ed5 qu\u00e1t 8\/8ch tr\u00ean m\u1ed7i tr\u1ee5c<br \/>\n\u0110\u01b0\u1ee3c s\u1eed d\u1ee5ng b\u1eb1ng c\u00e1ch g\u1eafn v\u00e0o v\u00e1n ch\u00e2n t\u01b0\u1eddng nh\u01b0 m\u1ed9t ph\u01b0\u01a1ng ph\u00e1p b\u1ed5 sung<br \/>\nH\u1ed7 tr\u1ee3 m\u1ed9t s\u1ed1 ch\u1ebf \u0111\u1ed9 l\u00e1i xung, li\u00ean t\u1ee5c, ph\u00e1t hi\u1ec7n t\u00edn hi\u1ec7u v\u00e0 MPG \u0111\u01b0\u1ee3c ch\u1ec9 \u0111\u1ecbnh<br \/>\nH\u1ed7 tr\u1ee3 ph\u01b0\u01a1ng ph\u00e1p \u0111\u1ea7u ra xung 1\/2<br \/>\nT\u1ef1 \u0111\u1ed9ng t\u1ea1o c\u00e1c c\u1ea5u h\u00ecnh v\u1eadn t\u1ed1c h\u00ecnh thang \u0111\u1ed1i x\u1ee9ng\/kh\u00f4ng \u0111\u1ed1i x\u1ee9ng v\u00e0 \u0111\u01b0\u1eddng cong ch\u1eef S<br \/>\nT\u00edch h\u1ee3p b\u1ed9 \u0111\u1ebfm m\u00e3 h\u00f3a l\u00ean\/xu\u1ed1ng 32-bit<br \/>\n\u00b7 Ch\u1ee9c n\u0103ng ghi \u0111\u00e8 t\u1ed1c \u0111\u1ed9 v\u00e0 v\u1ecb tr\u00ed<br \/>\n\u00b7 Ch\u1ee9c n\u0103ng \u0111i\u1ec1u khi\u1ec3n t\u00edn hi\u1ec7u \u0111\u1ea7u ra b\u1eb1ng \u0111\u1ea7u v\u00e0o c\u1ea3m bi\u1ebfn b\u00ean ngo\u00e0i<br \/>\nCh\u1ee9c n\u0103ng ch\u1ed1ng tr\u00e0n c\u01a1 kh\u00ed<br \/>\nGi\u00e1m s\u00e1t th\u1eddi gian th\u1ef1c v\u1ecb tr\u00ed hi\u1ec7n t\u1ea1i v\u00e0 kho\u1ea3ng c\u00e1ch di chuy\u1ec3n<br \/>\n\u00b7 Cung c\u1ea5p ph\u1ea7n m\u1ec1m EzSoftware AXT<\/p>\n","protected":false},"featured_media":7524,"template":"","meta":{"_acf_changed":false},"product_brand":[],"product_cat":[494],"product_tag":[],"class_list":{"0":"post-7523","1":"product","2":"type-product","3":"status-publish","4":"has-post-thumbnail","6":"product_cat-motion-controller","8":"first","9":"instock","10":"shipping-taxable","11":"product-type-simple"},"acf":[],"_links":{"self":[{"href":"https:\/\/tadvn.com.vn\/en\/wp-json\/wp\/v2\/product\/7523","targetHints":{"allow":["GET"]}}],"collection":[{"href":"https:\/\/tadvn.com.vn\/en\/wp-json\/wp\/v2\/product"}],"about":[{"href":"https:\/\/tadvn.com.vn\/en\/wp-json\/wp\/v2\/types\/product"}],"wp:featuredmedia":[{"embeddable":true,"href":"https:\/\/tadvn.com.vn\/en\/wp-json\/wp\/v2\/media\/7524"}],"wp:attachment":[{"href":"https:\/\/tadvn.com.vn\/en\/wp-json\/wp\/v2\/media?parent=7523"}],"wp:term":[{"taxonomy":"product_brand","embeddable":true,"href":"https:\/\/tadvn.com.vn\/en\/wp-json\/wp\/v2\/product_brand?post=7523"},{"taxonomy":"product_cat","embeddable":true,"href":"https:\/\/tadvn.com.vn\/en\/wp-json\/wp\/v2\/product_cat?post=7523"},{"taxonomy":"product_tag","embeddable":true,"href":"https:\/\/tadvn.com.vn\/en\/wp-json\/wp\/v2\/product_tag?post=7523"}],"curies":[{"name":"wp","href":"https:\/\/api.w.org\/{rel}","templated":true}]}}