{"id":7525,"date":"2023-11-28T04:27:10","date_gmt":"2023-11-28T04:27:10","guid":{"rendered":"https:\/\/tadvn.com.vn\/?post_type=product&#038;p=7525"},"modified":"2023-11-28T04:27:10","modified_gmt":"2023-11-28T04:27:10","slug":"card-dieu-khien-ajinextek-atx-bphd-v2-5","status":"publish","type":"product","link":"https:\/\/tadvn.com.vn\/en\/card-dieu-khien-ajinextek-atx-bphd-v2-5\/","title":{"rendered":"Card \u0111i\u1ec1u khi\u1ec3n AJINEXTEK ATX BPHD V2.5"},"content":{"rendered":"<table align=\"center\">\n<thead>\n<tr>\n<th>\ud56d\ubaa9<\/th>\n<th>\uc0ac\uc591<\/th>\n<\/tr>\n<\/thead>\n<tbody>\n<tr>\n<td>Form Factor<\/td>\n<td>Standard PCI Half size<\/td>\n<\/tr>\n<tr>\n<td>Bus interface<\/td>\n<td>32bit PCI bus, Rev.2.1, 33MHz<\/td>\n<\/tr>\n<tr>\n<td>Local bus<\/td>\n<td>Support 2x local bus slot<\/td>\n<\/tr>\n<tr>\n<td>Status LEDs<\/td>\n<td>Check 4 power divisions and SUB 1,2 status<\/td>\n<\/tr>\n<tr>\n<td>Power supply \/ Current consumption<\/td>\n<td>DC 5V \/ 3A<\/td>\n<\/tr>\n<tr>\n<td>Input\/output insulation voltage<\/td>\n<td>2500Vrms<\/td>\n<\/tr>\n<tr>\n<td>Operating temperature \/ Humidity<\/td>\n<td>Temperature 0 ~ 55\u00b0C \/ Humidity 5 ~ 90% (No condensation)<\/td>\n<\/tr>\n<tr>\n<td>Storage temperature<\/td>\n<td>-20 ~ 70\u00b0C<\/td>\n<\/tr>\n<tr>\n<td>Weight<\/td>\n<td>140g<\/td>\n<\/tr>\n<tr>\n<td>Exterior dimension of product<\/td>\n<td>174 (W) mm x 105 (L) mm<\/td>\n<\/tr>\n<tr>\n<td>Interrupt<\/td>\n<td>Automatic setting<\/td>\n<\/tr>\n<tr>\n<td>Internal Setting Register<\/td>\n<td>1Kbyte<\/td>\n<\/tr>\n<tr>\n<td>Front panel I\/O<\/td>\n<td>2port 68pin Champ connector x 1<\/td>\n<\/tr>\n<tr>\n<td>Universal I\/O Channels<\/td>\n<td>Input 16ch \/ Output 16ch (Sink output Max. 30mA)<\/td>\n<\/tr>\n<\/tbody>\n<\/table>\n","protected":false},"excerpt":{"rendered":"<p><strong>PCI Halfl<\/strong>\u00a0Size Baseboard T\u00edch h\u1ee3p \u0111\u1ea7u v\u00e0o<br \/>\n<strong>\/ \u0111\u1ea7u ra k\u1ef9 thu\u1eadt s\u1ed1 16<\/strong><br \/>\n<strong>\/<\/strong>\u00a016ch\u00a0C\u00f3 th\u1ec3 c\u00e0i \u0111\u1eb7t t\u1ed1i \u0111a 2 m\u00f4-\u0111un\u00a0ch\u1ee9c n\u0103ng C\u00f3 th\u1ec3 c\u1ea5u h\u00ecnh nhi\u1ec1u b\u1ea3ng ch\u1ee9c n\u0103ng kh\u00e1c nhau b\u1eb1ng c\u00e1ch k\u1ebft h\u1ee3p v\u1edbi c\u00e1c m\u00f4-\u0111un ch\u1ee9c n\u0103ng lo\u1ea1i b\u1ed5 sung<br \/>\n<strong>&#8211;<\/strong><br \/>\nChuy\u1ec3n \u0111\u1ed9ng: SMC-2V02 \/ 2V04 (T\u1ed1i \u0111a 4 tr\u1ee5c)<br \/>\n&#8211; B\u1ed9 \u0111\u1ebfm : SIO-CN2CH (T\u1ed1i \u0111a 8 k\u00eanh)<br \/>\n&#8211; K\u1ef9 thu\u1eadt s\u1ed1 : SIO-DI32 \/ DO32P(T) \/ DB32P(T) (T\u1ed1i \u0111a 96 k\u00eanh)<br \/>\n&#8211; Analog : SIO-AI4RB \/ AO4RB \/ AI8F \/ AO4F \/ AI8AO4F (T\u1ed1i \u0111a 24 k\u00eanh) )\u00a0EEPROM 1KBit cho c\u1ea5u h\u00ecnh \u0110\u1ea7u n\u1ed1i Champ I\u00a0<strong>\/<\/strong>\u00a0O 68pin<br \/>\n<strong>b\u00ean ngo\u00e0i EzSoftware AXT\u00a0<\/strong><strong>,<\/strong>\u00a0ph\u1ea7n m\u1ec1m EzSoftware UC \u0111\u01b0\u1ee3c cung c\u1ea5p<\/p>\n","protected":false},"featured_media":7526,"template":"","meta":{"_acf_changed":false},"product_brand":[],"product_cat":[494],"product_tag":[],"class_list":{"0":"post-7525","1":"product","2":"type-product","3":"status-publish","4":"has-post-thumbnail","6":"product_cat-motion-controller","8":"first","9":"instock","10":"shipping-taxable","11":"product-type-simple"},"acf":[],"_links":{"self":[{"href":"https:\/\/tadvn.com.vn\/en\/wp-json\/wp\/v2\/product\/7525","targetHints":{"allow":["GET"]}}],"collection":[{"href":"https:\/\/tadvn.com.vn\/en\/wp-json\/wp\/v2\/product"}],"about":[{"href":"https:\/\/tadvn.com.vn\/en\/wp-json\/wp\/v2\/types\/product"}],"wp:featuredmedia":[{"embeddable":true,"href":"https:\/\/tadvn.com.vn\/en\/wp-json\/wp\/v2\/media\/7526"}],"wp:attachment":[{"href":"https:\/\/tadvn.com.vn\/en\/wp-json\/wp\/v2\/media?parent=7525"}],"wp:term":[{"taxonomy":"product_brand","embeddable":true,"href":"https:\/\/tadvn.com.vn\/en\/wp-json\/wp\/v2\/product_brand?post=7525"},{"taxonomy":"product_cat","embeddable":true,"href":"https:\/\/tadvn.com.vn\/en\/wp-json\/wp\/v2\/product_cat?post=7525"},{"taxonomy":"product_tag","embeddable":true,"href":"https:\/\/tadvn.com.vn\/en\/wp-json\/wp\/v2\/product_tag?post=7525"}],"curies":[{"name":"wp","href":"https:\/\/api.w.org\/{rel}","templated":true}]}}