{"id":7527,"date":"2023-11-28T04:28:49","date_gmt":"2023-11-28T04:28:49","guid":{"rendered":"https:\/\/tadvn.com.vn\/?post_type=product&#038;p=7527"},"modified":"2023-11-28T04:28:50","modified_gmt":"2023-11-28T04:28:50","slug":"mo-dun-si0-db32p-dieu-khien-16-16-kenh-dau-vao-dau-ra-ky-thuat-so","status":"publish","type":"product","link":"https:\/\/tadvn.com.vn\/en\/mo-dun-si0-db32p-dieu-khien-16-16-kenh-dau-vao-dau-ra-ky-thuat-so\/","title":{"rendered":"M\u00f4-\u0111un SI0-DB32P \u0111i\u1ec1u khi\u1ec3n 16\/16 k\u00eanh \u0111\u1ea7u v\u00e0o\/\u0111\u1ea7u ra k\u1ef9 thu\u1eadt s\u1ed1"},"content":{"rendered":"<table>\n<tbody>\n<tr>\n<td>Control channels<\/td>\n<td>Digital 16 input \/ 16 output channels<\/td>\n<\/tr>\n<tr>\n<td>I\/O circuit type<\/td>\n<td>SIO-DB32P : DC 24V Sink (Max.50mA)<br \/>\nSIO-DB32T : DC 24V Sink (Max.200mA)<\/td>\n<\/tr>\n<tr>\n<td>Delay time of in\/output signal<\/td>\n<td>50 usec (typical)<\/td>\n<\/tr>\n<tr>\n<td>Bus interface<\/td>\n<td>PCI, PCIe<\/td>\n<\/tr>\n<tr>\n<td>Power supply \/ Current consumption<\/td>\n<td>DC 3.3V \/ Max. 150mA<br \/>\nDC 5V \/ Max. 90mA<\/td>\n<\/tr>\n<tr>\n<td>Input \/ Output signal interface<\/td>\n<td>Insulated by photo-coupler (Up to 2500Vrms)<\/td>\n<\/tr>\n<tr>\n<td>Operating temperature \/ Humidity<\/td>\n<td>0 ~ 60\u00b0C \/ 5 ~ 90% (No condensation)<\/td>\n<\/tr>\n<tr>\n<td>Storage temperature<\/td>\n<td>-20 ~ 70\u00b0C<\/td>\n<\/tr>\n<tr>\n<td>Weight<\/td>\n<td>28g<\/td>\n<\/tr>\n<tr>\n<td>Exterior dimension of product<\/td>\n<td>120 (W) mm x 45 (L) mm<\/td>\n<\/tr>\n<\/tbody>\n<\/table>\n","protected":false},"excerpt":{"rendered":"<p>\u00b7 M\u00f4-\u0111un ch\u1ee9c n\u0103ng \u0111i\u1ec1u khi\u1ec3n 16\/16 k\u00eanh \u0111\u1ea7u v\u00e0o\/\u0111\u1ea7u ra k\u1ef9 thu\u1eadt s\u1ed1<br \/>\n\u00b7 Ph\u01b0\u01a1ng ph\u00e1p \u0111\u1ea7u v\u00e0o\/\u0111\u1ea7u ra ch\u00ecm DC 24V<br \/>\nT\u00e1ch ngu\u1ed3n \u0111i\u1ec7n b\u00ean ngo\u00e0i b\u1eb1ng b\u1ed9 gh\u00e9p \u1ea3nh<br \/>\n\u00b7 Ch\u1ee9c n\u0103ng ng\u1eaft ph\u00e1t hi\u1ec7n c\u1ea1nh l\u00ean\/xu\u1ed1ng c\u1ee7a t\u1eebng t\u00edn hi\u1ec7u \u0111\u1ea7u v\u00e0o k\u00eanh<br \/>\n\u0110\u01b0\u1ee3c s\u1eed d\u1ee5ng b\u1eb1ng c\u00e1ch g\u1eafn v\u00e0o b\u1ea3ng c\u01a1 s\u1edf trong ph\u01b0\u01a1ng ph\u00e1p Add-On<br \/>\nNg\u1eaft c\u00f3 th\u1ec3 \u0111\u01b0\u1ee3c \u0111\u1eb7t cho t\u1eebng bit v\u00e0 t\u1eebng c\u1ed5ng<br \/>\n\u00b7 \u0110\u1ea7u v\u00e0o\/\u0111\u1ea7u ra \u0111i\u1ec1u khi\u1ec3n ngu\u1ed3n \u0111i\u1ec7n b\u00ean ngo\u00e0i DC 12~24V<br \/>\n\u0110\u1ea3m b\u1ea3o \u0111\u1ed9 tin c\u1eady ch\u1ed1ng l\u1ea1i ti\u1ebfng \u1ed3n t\u1ea7n s\u1ed1 cao b\u1eb1ng c\u00e1ch s\u1eed d\u1ee5ng LPF (Low Pass Filter)<br \/>\nCung c\u1ea5p ph\u1ea7n m\u1ec1m EzSoftware AXT, EzSoftware UC<\/p>\n","protected":false},"featured_media":7528,"template":"","meta":{"_acf_changed":false},"product_brand":[],"product_cat":[494],"product_tag":[],"class_list":{"0":"post-7527","1":"product","2":"type-product","3":"status-publish","4":"has-post-thumbnail","6":"product_cat-motion-controller","8":"first","9":"instock","10":"shipping-taxable","11":"product-type-simple"},"acf":[],"_links":{"self":[{"href":"https:\/\/tadvn.com.vn\/en\/wp-json\/wp\/v2\/product\/7527","targetHints":{"allow":["GET"]}}],"collection":[{"href":"https:\/\/tadvn.com.vn\/en\/wp-json\/wp\/v2\/product"}],"about":[{"href":"https:\/\/tadvn.com.vn\/en\/wp-json\/wp\/v2\/types\/product"}],"wp:featuredmedia":[{"embeddable":true,"href":"https:\/\/tadvn.com.vn\/en\/wp-json\/wp\/v2\/media\/7528"}],"wp:attachment":[{"href":"https:\/\/tadvn.com.vn\/en\/wp-json\/wp\/v2\/media?parent=7527"}],"wp:term":[{"taxonomy":"product_brand","embeddable":true,"href":"https:\/\/tadvn.com.vn\/en\/wp-json\/wp\/v2\/product_brand?post=7527"},{"taxonomy":"product_cat","embeddable":true,"href":"https:\/\/tadvn.com.vn\/en\/wp-json\/wp\/v2\/product_cat?post=7527"},{"taxonomy":"product_tag","embeddable":true,"href":"https:\/\/tadvn.com.vn\/en\/wp-json\/wp\/v2\/product_tag?post=7527"}],"curies":[{"name":"wp","href":"https:\/\/api.w.org\/{rel}","templated":true}]}}