{"id":926,"date":"2021-06-05T03:20:39","date_gmt":"2021-06-05T03:20:39","guid":{"rendered":"https:\/\/tadvn.com.vn\/?post_type=product&#038;p=926"},"modified":"2021-06-05T03:24:08","modified_gmt":"2021-06-05T03:24:08","slug":"h-90-mm-sbi65fl","status":"publish","type":"product","link":"https:\/\/tadvn.com.vn\/en\/h-90-mm-sbi65fl\/","title":{"rendered":"(Sao ch\u00e9p) (Sao ch\u00e9p) (Sao ch\u00e9p) (Sao ch\u00e9p) (Sao ch\u00e9p) (Sao ch\u00e9p) (Sao ch\u00e9p)"},"content":{"rendered":"<p class=\"qtranxs-available-languages-message qtranxs-available-languages-message-en\">Sorry, this entry is only available in <a href=\"https:\/\/tadvn.com.vn\/vi\/wp-json\/wp\/v2\/product\/926\" class=\"qtranxs-available-language-link qtranxs-available-language-link-vi\" title=\"Ti\u1ebfng Vi\u1ec7t\">Ti\u1ebfng Vi\u1ec7t<\/a>.<\/p>","protected":false},"excerpt":{"rendered":"<p class=\"qtranxs-available-languages-message qtranxs-available-languages-message-en\">Sorry, this entry is only available in <a href=\"https:\/\/tadvn.com.vn\/vi\/wp-json\/wp\/v2\/product\/926\" class=\"qtranxs-available-language-link qtranxs-available-language-link-vi\" title=\"Ti\u1ebfng Vi\u1ec7t\">Ti\u1ebfng Vi\u1ec7t<\/a>.<\/p>\n","protected":false},"featured_media":751,"template":"","meta":{"_acf_changed":false},"product_brand":[],"product_cat":[67],"product_tag":[],"class_list":{"0":"post-926","1":"product","2":"type-product","3":"status-publish","4":"has-post-thumbnail","6":"product_cat-thanh-truot-tieu-chuan-sbi-fl","8":"first","9":"instock","10":"downloadable","11":"shipping-taxable","12":"purchasable","13":"product-type-simple"},"acf":[],"_links":{"self":[{"href":"https:\/\/tadvn.com.vn\/en\/wp-json\/wp\/v2\/product\/926","targetHints":{"allow":["GET"]}}],"collection":[{"href":"https:\/\/tadvn.com.vn\/en\/wp-json\/wp\/v2\/product"}],"about":[{"href":"https:\/\/tadvn.com.vn\/en\/wp-json\/wp\/v2\/types\/product"}],"wp:featuredmedia":[{"embeddable":true,"href":"https:\/\/tadvn.com.vn\/en\/wp-json\/wp\/v2\/media\/751"}],"wp:attachment":[{"href":"https:\/\/tadvn.com.vn\/en\/wp-json\/wp\/v2\/media?parent=926"}],"wp:term":[{"taxonomy":"product_brand","embeddable":true,"href":"https:\/\/tadvn.com.vn\/en\/wp-json\/wp\/v2\/product_brand?post=926"},{"taxonomy":"product_cat","embeddable":true,"href":"https:\/\/tadvn.com.vn\/en\/wp-json\/wp\/v2\/product_cat?post=926"},{"taxonomy":"product_tag","embeddable":true,"href":"https:\/\/tadvn.com.vn\/en\/wp-json\/wp\/v2\/product_tag?post=926"}],"curies":[{"name":"wp","href":"https:\/\/api.w.org\/{rel}","templated":true}]}}